{"id":1025,"date":"2025-12-08T09:26:36","date_gmt":"2025-12-08T09:26:36","guid":{"rendered":"https:\/\/aurore.sva.la-studioweb.com\/?page_id=1025"},"modified":"2026-03-06T11:16:18","modified_gmt":"2026-03-06T11:16:18","slug":"aurore-about-us","status":"publish","type":"page","link":"https:\/\/nostalgic-leavitt.178-33-112-56.plesk.page\/?page_id=1025","title":{"rendered":"Sobre nosotras"},"content":{"rendered":"\t\t<div data-elementor-type=\"wp-page\" data-elementor-id=\"1025\" class=\"elementor elementor-1025\">\n\t\t\t\t<div class=\"elementor-element elementor-element-4008c2a e-flex e-con-boxed lakit-col-width-auto-no e-container e-root-container elementor-top-section e-con e-parent\" data-id=\"4008c2a\" data-element_type=\"container\" data-e-type=\"container\" data-settings=\"{&quot;background_background&quot;:&quot;classic&quot;}\">\n\t\t\t\t\t<div class=\"e-con-inner\">\n\t\t\t\t<div class=\"elementor-element elementor-element-895e1a0 elementor-widget elementor-widget-spacer\" data-id=\"895e1a0\" data-element_type=\"widget\" data-e-type=\"widget\" data-widget_type=\"spacer.default\">\n\t\t\t\t\t\t\t<div class=\"elementor-spacer\">\n\t\t\t<div class=\"elementor-spacer-inner\"><\/div>\n\t\t<\/div>\n\t\t\t\t\t\t<\/div>\n\t\t\t\t<div class=\"elementor-element elementor-element-1e7b15f elementor-widget elementor-widget-heading\" data-id=\"1e7b15f\" data-element_type=\"widget\" data-e-type=\"widget\" data-widget_type=\"heading.default\">\n\t\t\t\t\t<div class=\"elementor-heading-title elementor-size-default\">sobre nosotras<\/div>\t\t\t\t<\/div>\n\t\t\t\t\t<\/div>\n\t\t\t\t<\/div>\n\t\t<div class=\"elementor-element elementor-element-30bcbd5 e-flex e-con-boxed lakit-col-width-auto-no e-container e-root-container elementor-top-section e-con e-parent\" data-id=\"30bcbd5\" data-element_type=\"container\" data-e-type=\"container\">\n\t\t\t\t\t<div class=\"e-con-inner\">\n\t\t\t\t<div class=\"elementor-element elementor-element-9500d8f elementor-widget elementor-widget-heading\" data-id=\"9500d8f\" data-element_type=\"widget\" data-e-type=\"widget\" data-widget_type=\"heading.default\">\n\t\t\t\t\t<h2 class=\"elementor-heading-title elementor-size-default\">Redefiniendo<br>\nla moda<\/h2>\t\t\t\t<\/div>\n\t\t\t\t\t<\/div>\n\t\t\t\t<\/div>\n\t\t<div class=\"elementor-element elementor-element-63ec01d e-flex e-con-boxed lakit-col-width-auto-no e-container e-root-container elementor-top-section e-con e-parent\" data-id=\"63ec01d\" data-element_type=\"container\" data-e-type=\"container\">\n\t\t\t\t\t<div class=\"e-con-inner\">\n\t\t\t\t<div class=\"elementor-element elementor-element-3ed8825 elementor-widget__width-initial elementor-widget elementor-widget-image\" data-id=\"3ed8825\" data-element_type=\"widget\" data-e-type=\"widget\" data-widget_type=\"image.default\">\n\t\t\t\t\t\t\t\t\t\t\t\t\t\t\t<img fetchpriority=\"high\" decoding=\"async\" width=\"1080\" height=\"1350\" src=\"https:\/\/nostalgic-leavitt.178-33-112-56.plesk.page\/wp-content\/uploads\/2026\/03\/75.png\" class=\"attachment-full size-full wp-image-2226\" alt=\"\" \/>\t\t\t\t\t\t\t\t\t\t\t\t\t\t\t<\/div>\n\t\t\t\t<div class=\"elementor-element elementor-element-a2a49a1 elementor-widget__width-initial elementor-widget elementor-widget-text-editor\" data-id=\"a2a49a1\" data-element_type=\"widget\" data-e-type=\"widget\" data-widget_type=\"text-editor.default\">\n\t\t\t\t\t\t\t\t\t<p data-start=\"192\" data-end=\"506\">En <strong data-start=\"195\" data-end=\"236\"><span class=\"hover:entity-accent entity-underline inline cursor-pointer align-baseline\"><span class=\"whitespace-normal\">Chevalier Versso<\/span><\/span><\/strong> entendemos la moda como una forma de expresi\u00f3n que trasciende las tendencias pasajeras. Nuestro objetivo es reinterpretar la elegancia contempor\u00e1nea desde una perspectiva propia, donde el dise\u00f1o, la calidad y la identidad se convierten en los pilares de cada colecci\u00f3n.<\/p><p data-start=\"508\" data-end=\"759\">Redefinir la moda significa crear piezas que combinan estilo, personalidad y versatilidad. Prendas pensadas para mujeres que buscan diferenciarse sin renunciar a la sofisticaci\u00f3n, apostando por un equilibrio entre modernidad, car\u00e1cter y atemporalidad.<\/p><p data-start=\"761\" data-end=\"877\">Cada dise\u00f1o refleja una visi\u00f3n clara: vestir no es solo una cuesti\u00f3n est\u00e9tica, es una forma de comunicar qui\u00e9n eres.<\/p>\t\t\t\t\t\t\t\t<\/div>\n\t\t\t\t\t<\/div>\n\t\t\t\t<\/div>\n\t\t<div class=\"elementor-element elementor-element-5968999 e-flex e-con-boxed lakit-col-width-auto-no e-container e-root-container elementor-top-section e-con e-parent\" data-id=\"5968999\" data-element_type=\"container\" data-e-type=\"container\">\n\t\t\t\t\t<div class=\"e-con-inner\">\n\t\t\t\t<div class=\"elementor-element elementor-element-c0f28e0 elementor-widget__width-initial elementor-widget elementor-widget-image\" data-id=\"c0f28e0\" data-element_type=\"widget\" data-e-type=\"widget\" data-widget_type=\"image.default\">\n\t\t\t\t\t\t\t\t\t\t\t\t\t\t\t<img decoding=\"async\" width=\"1080\" height=\"1350\" src=\"https:\/\/nostalgic-leavitt.178-33-112-56.plesk.page\/wp-content\/uploads\/2026\/03\/74.png\" class=\"attachment-full size-full wp-image-2227\" alt=\"\" \/>\t\t\t\t\t\t\t\t\t\t\t\t\t\t\t<\/div>\n\t\t<div class=\"elementor-element elementor-element-be4600a e-con-full e-flex lakit-col-width-auto-no e-container e-con e-child\" data-id=\"be4600a\" data-element_type=\"container\" data-e-type=\"container\">\n\t\t<div class=\"elementor-element elementor-element-df38738 e-con-full e-flex lakit-col-width-auto-no e-container e-con e-child\" data-id=\"df38738\" data-element_type=\"container\" data-e-type=\"container\">\n\t\t\t\t<div class=\"elementor-element elementor-element-cff5f2f elementor-widget elementor-widget-heading\" data-id=\"cff5f2f\" data-element_type=\"widget\" data-e-type=\"widget\" data-widget_type=\"heading.default\">\n\t\t\t\t\t<div class=\"elementor-heading-title elementor-size-default\">Nuestra <br>historia<\/div>\t\t\t\t<\/div>\n\t\t\t\t<\/div>\n\t\t\t\t<div class=\"elementor-element elementor-element-296972e elementor-widget__width-initial elementor-widget elementor-widget-text-editor\" data-id=\"296972e\" data-element_type=\"widget\" data-e-type=\"widget\" data-widget_type=\"text-editor.default\">\n\t\t\t\t\t\t\t\t\t<p data-start=\"904\" data-end=\"1043\">La historia de <strong data-start=\"919\" data-end=\"960\"><span class=\"hover:entity-accent entity-underline inline cursor-pointer align-baseline\"><span class=\"whitespace-normal\">Chevalier Versso<\/span><\/span><\/strong> nace de la pasi\u00f3n por la moda y del deseo de crear una marca con identidad propia.<\/p><p data-start=\"1045\" data-end=\"1328\">Desde sus inicios, la firma ha apostado por un enfoque donde el dise\u00f1o, la atenci\u00f3n al detalle y la selecci\u00f3n de materiales son fundamentales. Con el paso del tiempo, la marca ha ido evolucionando, incorporando nuevas influencias y adapt\u00e1ndose a las tendencias sin perder su esencia.<\/p><p data-start=\"1330\" data-end=\"1524\">Este recorrido ha permitido consolidar una propuesta que combina elegancia contempor\u00e1nea con un estilo reconocible, pensado para mujeres que valoran la autenticidad y el car\u00e1cter en cada prenda.<\/p>\t\t\t\t\t\t\t\t<\/div>\n\t\t\t\t<\/div>\n\t\t\t\t\t<\/div>\n\t\t\t\t<\/div>\n\t\t<div class=\"elementor-element elementor-element-5dc70e2 e-flex e-con-boxed lakit-col-width-auto-no e-container e-root-container elementor-top-section e-con e-parent\" data-id=\"5dc70e2\" data-element_type=\"container\" data-e-type=\"container\">\n\t\t\t\t\t<div class=\"e-con-inner\">\n\t\t\t\t<div class=\"elementor-element elementor-element-2292b77 elementor-widget__width-initial elementor-widget elementor-widget-image\" data-id=\"2292b77\" data-element_type=\"widget\" data-e-type=\"widget\" data-widget_type=\"image.default\">\n\t\t\t\t\t\t\t\t\t\t\t\t\t\t\t<img decoding=\"async\" width=\"1080\" height=\"1350\" src=\"https:\/\/nostalgic-leavitt.178-33-112-56.plesk.page\/wp-content\/uploads\/2026\/03\/73.png\" class=\"attachment-full size-full wp-image-2228\" alt=\"\" \/>\t\t\t\t\t\t\t\t\t\t\t\t\t\t\t<\/div>\n\t\t<div class=\"elementor-element elementor-element-ddbca54 e-con-full e-flex lakit-col-width-auto-no e-container e-con e-child\" data-id=\"ddbca54\" data-element_type=\"container\" data-e-type=\"container\">\n\t\t<div class=\"elementor-element elementor-element-566d4b5 e-con-full e-flex lakit-col-width-auto-no e-container e-con e-child\" data-id=\"566d4b5\" data-element_type=\"container\" data-e-type=\"container\">\n\t\t\t\t<div class=\"elementor-element elementor-element-32f43d7 elementor-widget elementor-widget-heading\" data-id=\"32f43d7\" data-element_type=\"widget\" data-e-type=\"widget\" data-widget_type=\"heading.default\">\n\t\t\t\t\t<div class=\"elementor-heading-title elementor-size-default\">FILOSOF\u00cdA<\/div>\t\t\t\t<\/div>\n\t\t\t\t<\/div>\n\t\t\t\t<div class=\"elementor-element elementor-element-440ddf8 elementor-widget__width-initial elementor-widget elementor-widget-text-editor\" data-id=\"440ddf8\" data-element_type=\"widget\" data-e-type=\"widget\" data-widget_type=\"text-editor.default\">\n\t\t\t\t\t\t\t\t\t<p data-start=\"1544\" data-end=\"1675\">La filosof\u00eda de <strong data-start=\"1560\" data-end=\"1601\"><span class=\"hover:entity-accent entity-underline inline cursor-pointer align-baseline\"><span class=\"whitespace-normal\">Chevalier Versso<\/span><\/span><\/strong> se basa en tres principios fundamentales: dise\u00f1o, calidad y personalidad.<\/p><p data-start=\"1677\" data-end=\"1905\">Creemos en una moda que perdure m\u00e1s all\u00e1 de las temporadas, donde cada colecci\u00f3n se construye con una visi\u00f3n clara y coherente. Por eso cuidamos cada fase del proceso creativo, desde la inspiraci\u00f3n inicial hasta el dise\u00f1o final.<\/p><p data-start=\"1907\" data-end=\"2062\">Nuestro compromiso es ofrecer prendas que no solo sigan tendencias, sino que acompa\u00f1en a la mujer en su d\u00eda a d\u00eda con elegancia, seguridad y estilo propio.<\/p>\t\t\t\t\t\t\t\t<\/div>\n\t\t\t\t<\/div>\n\t\t\t\t\t<\/div>\n\t\t\t\t<\/div>\n\t\t<div class=\"elementor-element elementor-element-0308a61 e-flex e-con-boxed lakit-col-width-auto-no e-container e-root-container elementor-top-section e-con e-parent\" data-id=\"0308a61\" data-element_type=\"container\" data-e-type=\"container\">\n\t\t\t\t\t<div class=\"e-con-inner\">\n\t\t<div class=\"elementor-element elementor-element-bacae4f e-con-full e-flex lakit-col-width-auto-no e-container e-con e-child\" data-id=\"bacae4f\" data-element_type=\"container\" data-e-type=\"container\">\n\t\t\t\t<div class=\"elementor-element elementor-element-77a2e01 elementor-widget elementor-widget-heading\" data-id=\"77a2e01\" data-element_type=\"widget\" data-e-type=\"widget\" data-widget_type=\"heading.default\">\n\t\t\t\t\t<div class=\"elementor-heading-title elementor-size-default\">los est\u00e1ndares que no definen<\/div>\t\t\t\t<\/div>\n\t\t\t\t<\/div>\n\t\t<div class=\"elementor-element elementor-element-32b6634 e-con-full e-flex lakit-col-width-auto-no e-container e-con e-child\" data-id=\"32b6634\" data-element_type=\"container\" data-e-type=\"container\">\n\t\t\t\t<div class=\"elementor-element elementor-element-cfdb707 elementor-widget__width-initial elementor-position-top elementor-widget elementor-widget-image-box\" data-id=\"cfdb707\" data-element_type=\"widget\" data-e-type=\"widget\" data-widget_type=\"image-box.default\">\n\t\t\t\t\t<div class=\"elementor-image-box-wrapper\"><figure class=\"elementor-image-box-img\"><img loading=\"lazy\" decoding=\"async\" width=\"194\" height=\"176\" src=\"https:\/\/nostalgic-leavitt.178-33-112-56.plesk.page\/wp-content\/uploads\/2026\/03\/Diseno-sin-titulo-175.png\" class=\"attachment-full size-full wp-image-2222\" alt=\"\" \/><\/figure><div class=\"elementor-image-box-content\"><div class=\"elementor-image-box-title\">Selecci\u00f3n con identidad<\/div><p class=\"elementor-image-box-description\">Elegimos cada prenda cuidadosamente para ofrecer una colecci\u00f3n con car\u00e1cter, elegancia y estilo contempor\u00e1neo.<\/p><\/div><\/div>\t\t\t\t<\/div>\n\t\t\t\t<div class=\"elementor-element elementor-element-66967da elementor-widget__width-initial elementor-position-top elementor-widget elementor-widget-image-box\" data-id=\"66967da\" data-element_type=\"widget\" data-e-type=\"widget\" data-widget_type=\"image-box.default\">\n\t\t\t\t\t<div class=\"elementor-image-box-wrapper\"><figure class=\"elementor-image-box-img\"><img loading=\"lazy\" decoding=\"async\" width=\"194\" height=\"176\" src=\"https:\/\/nostalgic-leavitt.178-33-112-56.plesk.page\/wp-content\/uploads\/2026\/03\/1.png\" class=\"attachment-full size-full wp-image-2223\" alt=\"\" \/><\/figure><div class=\"elementor-image-box-content\"><div class=\"elementor-image-box-title\">Calidad que se percibe<\/div><p class=\"elementor-image-box-description\">Apostamos por prendas bien confeccionadas, con materiales y acabados que garantizan comodidad y durabilidad.<\/p><\/div><\/div>\t\t\t\t<\/div>\n\t\t\t\t<div class=\"elementor-element elementor-element-fdaead0 elementor-widget__width-initial elementor-position-top elementor-widget elementor-widget-image-box\" data-id=\"fdaead0\" data-element_type=\"widget\" data-e-type=\"widget\" data-widget_type=\"image-box.default\">\n\t\t\t\t\t<div class=\"elementor-image-box-wrapper\"><figure class=\"elementor-image-box-img\"><img loading=\"lazy\" decoding=\"async\" width=\"194\" height=\"176\" src=\"https:\/\/nostalgic-leavitt.178-33-112-56.plesk.page\/wp-content\/uploads\/2026\/03\/2.png\" class=\"attachment-full size-full wp-image-2224\" alt=\"\" \/><\/figure><div class=\"elementor-image-box-content\"><div class=\"elementor-image-box-title\">Estilo que trasciende <\/div><p class=\"elementor-image-box-description\">Nuestra selecci\u00f3n busca piezas vers\u00e1tiles y sofisticadas que acompa\u00f1en a la mujer m\u00e1s all\u00e1 de cada temporada.<\/p><\/div><\/div>\t\t\t\t<\/div>\n\t\t\t\t<\/div>\n\t\t\t\t\t<\/div>\n\t\t\t\t<\/div>\n\t\t<div class=\"elementor-element elementor-element-7506964 e-flex e-con-boxed lakit-col-width-auto-no e-container e-root-container elementor-top-section e-con e-parent\" data-id=\"7506964\" data-element_type=\"container\" data-e-type=\"container\" data-settings=\"{&quot;background_background&quot;:&quot;classic&quot;}\">\n\t\t\t\t\t<div class=\"e-con-inner\">\n\t\t\t\t<div class=\"elementor-element elementor-element-21559f2 elementor-widget elementor-widget-heading\" data-id=\"21559f2\" data-element_type=\"widget\" data-e-type=\"widget\" data-widget_type=\"heading.default\">\n\t\t\t\t\t<div class=\"elementor-heading-title elementor-size-default\">Disfruta de <\/div>\t\t\t\t<\/div>\n\t\t\t\t<div class=\"elementor-element elementor-element-89a9bc8 elementor-widget elementor-widget-heading\" data-id=\"89a9bc8\" data-element_type=\"widget\" data-e-type=\"widget\" data-widget_type=\"heading.default\">\n\t\t\t\t\t<div class=\"elementor-heading-title elementor-size-default\">la moda<\/div>\t\t\t\t<\/div>\n\t\t\t\t<div class=\"elementor-element elementor-element-c7090f9 elementor-widget__width-initial elementor-widget elementor-widget-text-editor\" data-id=\"c7090f9\" data-element_type=\"widget\" data-e-type=\"widget\" data-widget_type=\"text-editor.default\">\n\t\t\t\t\t\t\t\t\t<p data-start=\"104\" data-end=\"309\">En <strong data-start=\"107\" data-end=\"148\"><span class=\"hover:entity-accent entity-underline inline cursor-pointer align-baseline\"><span class=\"whitespace-normal\">Chevalier Versso<\/span><\/span><\/strong> entendemos la moda como una experiencia que va m\u00e1s all\u00e1 de vestir. Es una forma de expresarte, de sentirte segura y de reflejar tu personalidad en cada momento.<\/p><p data-start=\"311\" data-end=\"564\" data-is-last-node=\"\" data-is-only-node=\"\">Nuestra selecci\u00f3n de prendas est\u00e1 pensada para que encuentres piezas que te acompa\u00f1en en tu d\u00eda a d\u00eda, combinando estilo, elegancia y comodidad. Porque disfrutar de la moda significa sentirte bien con lo que llevas y hacerlo parte de tu propia historia.<\/p>\t\t\t\t\t\t\t\t<\/div>\n\t\t\t\t\t<\/div>\n\t\t\t\t<\/div>\n\t\t\t\t<\/div>\n\t\t","protected":false},"excerpt":{"rendered":"<p>sobre nosotras Redefiniendo la moda En Chevalier Versso entendemos la moda como una forma de expresi\u00f3n que trasciende las tendencias pasajeras. Nuestro objetivo es reinterpretar la elegancia contempor\u00e1nea desde una perspectiva propia, donde el dise\u00f1o, la calidad y la identidad se convierten en los pilares de cada colecci\u00f3n. Redefinir la&hellip;<\/p>\n","protected":false},"author":1,"featured_media":0,"parent":0,"menu_order":0,"comment_status":"closed","ping_status":"closed","template":"","meta":{"footnotes":""},"class_list":["post-1025","page","type-page","status-publish","hentry"],"_links":{"self":[{"href":"https:\/\/nostalgic-leavitt.178-33-112-56.plesk.page\/index.php?rest_route=\/wp\/v2\/pages\/1025","targetHints":{"allow":["GET"]}}],"collection":[{"href":"https:\/\/nostalgic-leavitt.178-33-112-56.plesk.page\/index.php?rest_route=\/wp\/v2\/pages"}],"about":[{"href":"https:\/\/nostalgic-leavitt.178-33-112-56.plesk.page\/index.php?rest_route=\/wp\/v2\/types\/page"}],"author":[{"embeddable":true,"href":"https:\/\/nostalgic-leavitt.178-33-112-56.plesk.page\/index.php?rest_route=\/wp\/v2\/users\/1"}],"replies":[{"embeddable":true,"href":"https:\/\/nostalgic-leavitt.178-33-112-56.plesk.page\/index.php?rest_route=%2Fwp%2Fv2%2Fcomments&post=1025"}],"version-history":[{"count":14,"href":"https:\/\/nostalgic-leavitt.178-33-112-56.plesk.page\/index.php?rest_route=\/wp\/v2\/pages\/1025\/revisions"}],"predecessor-version":[{"id":2232,"href":"https:\/\/nostalgic-leavitt.178-33-112-56.plesk.page\/index.php?rest_route=\/wp\/v2\/pages\/1025\/revisions\/2232"}],"wp:attachment":[{"href":"https:\/\/nostalgic-leavitt.178-33-112-56.plesk.page\/index.php?rest_route=%2Fwp%2Fv2%2Fmedia&parent=1025"}],"curies":[{"name":"wp","href":"https:\/\/api.w.org\/{rel}","templated":true}]}}