{"id":995,"date":"2025-12-08T08:30:48","date_gmt":"2025-12-08T08:30:48","guid":{"rendered":"https:\/\/aurore.sva.la-studioweb.com\/?page_id=995"},"modified":"2026-03-06T11:26:31","modified_gmt":"2026-03-06T11:26:31","slug":"aurore-contact-02","status":"publish","type":"page","link":"https:\/\/nostalgic-leavitt.178-33-112-56.plesk.page\/?page_id=995","title":{"rendered":"Contacto"},"content":{"rendered":"\t\t<div data-elementor-type=\"wp-page\" data-elementor-id=\"995\" class=\"elementor elementor-995\">\n\t\t\t\t<div class=\"elementor-element elementor-element-0b5f443 e-flex e-con-boxed lakit-col-width-auto-no e-container e-root-container elementor-top-section e-con e-parent\" data-id=\"0b5f443\" data-element_type=\"container\" data-e-type=\"container\" data-settings=\"{&quot;background_background&quot;:&quot;classic&quot;}\">\n\t\t\t\t\t<div class=\"e-con-inner\">\n\t\t\t\t<div class=\"elementor-element elementor-element-609b547 lakit-breadcrumbs-page-title-yes lakit-breadcrumbs-align-center elementor-widget lastudio-kit elementor-lakit-breadcrumbs\" data-id=\"609b547\" data-element_type=\"widget\" data-e-type=\"widget\" data-widget_type=\"lakit-breadcrumbs.default\">\n\t\t\t\t\t\n\t\t<div class=\"lakit-breadcrumbs\"><h1 class=\"lakit-breadcrumbs__title\">Contacto<\/h1>\n\t\t<div class=\"lakit-breadcrumbs__content\">\n\t\t<div class=\"lakit-breadcrumbs__wrap\"><div class=\"lakit-breadcrumbs__item\"><span class=\"lakit-breadcrumbs__item-target\">Contacto<\/span><\/div>\n\t\t<\/div>\n\t\t<\/div>\n\t\t<\/div>\t\t\t\t<\/div>\n\t\t\t\t\t<\/div>\n\t\t\t\t<\/div>\n\t\t<div class=\"elementor-element elementor-element-9ef601e e-flex e-con-boxed lakit-col-width-auto-no e-container e-root-container elementor-top-section e-con e-parent\" data-id=\"9ef601e\" data-element_type=\"container\" data-e-type=\"container\">\n\t\t\t\t\t<div class=\"e-con-inner\">\n\t\t<div class=\"elementor-element elementor-element-e5a0b7e e-con-full e-flex lakit-col-width-auto-no e-container e-con e-child\" data-id=\"e5a0b7e\" data-element_type=\"container\" data-e-type=\"container\">\n\t\t\t\t<div class=\"elementor-element elementor-element-e768db5 elementor-widget elementor-widget-image\" data-id=\"e768db5\" data-element_type=\"widget\" data-e-type=\"widget\" data-widget_type=\"image.default\">\n\t\t\t\t\t\t\t\t\t\t\t\t\t\t\t<img fetchpriority=\"high\" decoding=\"async\" width=\"1080\" height=\"1080\" src=\"https:\/\/nostalgic-leavitt.178-33-112-56.plesk.page\/wp-content\/uploads\/2026\/03\/558390843_18286465309274903_1033372212172198057_n.webp\" class=\"attachment-large size-large wp-image-2241\" alt=\"\" srcset=\"https:\/\/nostalgic-leavitt.178-33-112-56.plesk.page\/wp-content\/uploads\/2026\/03\/558390843_18286465309274903_1033372212172198057_n.webp 1080w, https:\/\/nostalgic-leavitt.178-33-112-56.plesk.page\/wp-content\/uploads\/2026\/03\/558390843_18286465309274903_1033372212172198057_n-100x100.webp 100w\" sizes=\"(max-width: 1080px) 100vw, 1080px\" \/>\t\t\t\t\t\t\t\t\t\t\t\t\t\t\t<\/div>\n\t\t\t\t<\/div>\n\t\t<div class=\"elementor-element elementor-element-dd5b13c e-con-full e-flex lakit-col-width-auto-no e-container e-con e-child\" data-id=\"dd5b13c\" data-element_type=\"container\" data-e-type=\"container\">\n\t\t\t\t<div class=\"elementor-element elementor-element-45a8bab elementor-widget elementor-widget-heading\" data-id=\"45a8bab\" data-element_type=\"widget\" data-e-type=\"widget\" data-widget_type=\"heading.default\">\n\t\t\t\t\t<h2 class=\"elementor-heading-title elementor-size-default\">iNFORMACI\u00d3N DE CONTACTO<\/h2>\t\t\t\t<\/div>\n\t\t\t\t<div class=\"elementor-element elementor-element-bb33324 elementor-position-inline-start elementor-mobile-position-inline-start elementor-view-default elementor-widget elementor-widget-icon-box\" data-id=\"bb33324\" data-element_type=\"widget\" data-e-type=\"widget\" data-widget_type=\"icon-box.default\">\n\t\t\t\t\t\t\t<div class=\"elementor-icon-box-wrapper\">\n\n\t\t\t\t\t\t<div class=\"elementor-icon-box-icon\">\n\t\t\t\t<span  class=\"elementor-icon\">\n\t\t\t\t<svg xmlns=\"http:\/\/www.w3.org\/2000\/svg\" width=\"1024\" height=\"1024\" viewBox=\"0 0 1024 1024\" class=\"lakit-font-icon-svg\" data-icon-name=\"ui-2_time\" data-icon-type=\"dlicon\"><path d=\"M512 0C229.696 0 0 229.696 0 512s229.696 512 512 512 512-229.696 512-512S794.304 0 512 0zm0 960C264.96 960 64 759.04 64 512S264.96 64 512 64s448 200.96 448 448-200.96 448-448 448zm224-480H544V288c0-17.664-14.304-32-32-32s-32 14.336-32 32v224c0 17.664 14.304 32 32 32h224c17.696 0 32-14.336 32-32s-14.304-32-32-32z\" fill=\"currentColor\"\/><\/svg>\t\t\t\t<\/span>\n\t\t\t<\/div>\n\t\t\t\n\t\t\t\t\t\t<div class=\"elementor-icon-box-content\">\n\n\t\t\t\t\t\t\t\t\t<div class=\"elementor-icon-box-title\">\n\t\t\t\t\t\t<span  >\n\t\t\t\t\t\t\tHORARIO\t\t\t\t\t\t<\/span>\n\t\t\t\t\t<\/div>\n\t\t\t\t\n\t\t\t\t\n\t\t\t<\/div>\n\t\t\t\n\t\t<\/div>\n\t\t\t\t\t\t<\/div>\n\t\t\t\t<div class=\"elementor-element elementor-element-b3a6f09 elementor-icon-list--layout-inline elementor-list-item-link-full_width elementor-widget elementor-widget-icon-list\" data-id=\"b3a6f09\" data-element_type=\"widget\" data-e-type=\"widget\" data-widget_type=\"icon-list.default\">\n\t\t\t\t\t\t\t<ul class=\"elementor-icon-list-items elementor-inline-items\">\n\t\t\t\t\t\t\t<li class=\"elementor-icon-list-item elementor-inline-item\">\n\t\t\t\t\t\t\t\t\t\t<span class=\"elementor-icon-list-text\">Lunes - Viernes de 9:45h - 14:00h \/ 17:00h - 20:45h<br> S\u00e1bado 9:45h \u2013 14:00<br> Domingo cerrado <\/span>\n\t\t\t\t\t\t\t\t\t<\/li>\n\t\t\t\t\t\t<\/ul>\n\t\t\t\t\t\t<\/div>\n\t\t\t\t<div class=\"elementor-element elementor-element-09eb260 elementor-position-inline-start elementor-mobile-position-inline-start elementor-view-default elementor-widget elementor-widget-icon-box\" data-id=\"09eb260\" data-element_type=\"widget\" data-e-type=\"widget\" data-widget_type=\"icon-box.default\">\n\t\t\t\t\t\t\t<div class=\"elementor-icon-box-wrapper\">\n\n\t\t\t\t\t\t<div class=\"elementor-icon-box-icon\">\n\t\t\t\t<span  class=\"elementor-icon\">\n\t\t\t\t<svg xmlns=\"http:\/\/www.w3.org\/2000\/svg\" width=\"1024\" height=\"1024\" viewBox=\"0 0 1024 1024\" class=\"lakit-font-icon-svg\" data-icon-name=\"ui-3_phone-call\" data-icon-type=\"dlicon\"><path d=\"M608 0c-17.664 0-32 14.336-32 32s14.336 32 32 32c194.08 0 352 157.92 352 352 0 17.664 14.336 32 32 32s32-14.336 32-32C1024 186.624 837.376 0 608 0zm192 1024c8.48 0 16.64-3.36 22.624-9.376l160-160c12.512-12.512 12.512-32.736 0-45.248l-224-224c-12.512-12.512-32.736-12.512-45.248 0L576 722.752 301.248 448l137.376-137.376c12.512-12.512 12.512-32.736 0-45.248l-224-224c-12.512-12.512-32.736-12.512-45.248 0l-160 160C3.36 207.36 0 215.52 0 224c0 441.12 358.88 800 800 800zM192 109.248L370.752 288 233.376 425.376c-12.512 12.512-12.512 32.736 0 45.248l320 320c12.512 12.512 32.736 12.512 45.248 0L736 653.248 914.752 832 786.848 959.904C391.424 952.928 71.072 632.576 64.096 237.152L192 109.248zM768 416c0 17.664 14.336 32 32 32s32-14.336 32-32c0-123.52-100.48-224-224-224-17.664 0-32 14.336-32 32s14.336 32 32 32c88.224 0 160 71.776 160 160z\" fill=\"currentColor\"\/><\/svg>\t\t\t\t<\/span>\n\t\t\t<\/div>\n\t\t\t\n\t\t\t\t\t\t<div class=\"elementor-icon-box-content\">\n\n\t\t\t\t\t\t\t\t\t<div class=\"elementor-icon-box-title\">\n\t\t\t\t\t\t<span  >\n\t\t\t\t\t\t\tTEL\u00c9FONO\t\t\t\t\t\t<\/span>\n\t\t\t\t\t<\/div>\n\t\t\t\t\n\t\t\t\t\n\t\t\t<\/div>\n\t\t\t\n\t\t<\/div>\n\t\t\t\t\t\t<\/div>\n\t\t\t\t<div class=\"elementor-element elementor-element-5eb827c elementor-icon-list--layout-inline elementor-list-item-link-full_width elementor-widget elementor-widget-icon-list\" data-id=\"5eb827c\" data-element_type=\"widget\" data-e-type=\"widget\" data-widget_type=\"icon-list.default\">\n\t\t\t\t\t\t\t<ul class=\"elementor-icon-list-items elementor-inline-items\">\n\t\t\t\t\t\t\t<li class=\"elementor-icon-list-item elementor-inline-item\">\n\t\t\t\t\t\t\t\t\t\t<span class=\"elementor-icon-list-text\">966 674 773<\/span>\n\t\t\t\t\t\t\t\t\t<\/li>\n\t\t\t\t\t\t\t\t<li class=\"elementor-icon-list-item elementor-inline-item\">\n\t\t\t\t\t\t\t\t\t\t<span class=\"elementor-icon-list-text\">+34 647 58 00 18<\/span>\n\t\t\t\t\t\t\t\t\t<\/li>\n\t\t\t\t\t\t<\/ul>\n\t\t\t\t\t\t<\/div>\n\t\t\t\t<div class=\"elementor-element elementor-element-7b9f70c elementor-widget-divider--view-line elementor-widget elementor-widget-divider\" data-id=\"7b9f70c\" data-element_type=\"widget\" data-e-type=\"widget\" data-widget_type=\"divider.default\">\n\t\t\t\t\t\t\t<div class=\"elementor-divider\">\n\t\t\t<span class=\"elementor-divider-separator\">\n\t\t\t\t\t\t<\/span>\n\t\t<\/div>\n\t\t\t\t\t\t<\/div>\n\t\t<div class=\"elementor-element elementor-element-07a7976 e-con-full e-flex lakit-col-width-auto-no e-container e-con e-child\" data-id=\"07a7976\" data-element_type=\"container\" data-e-type=\"container\">\n\t\t<div class=\"elementor-element elementor-element-4c5f7a6 e-con-full e-flex lakit-col-width-auto-no e-container e-con e-child\" data-id=\"4c5f7a6\" data-element_type=\"container\" data-e-type=\"container\">\n\t\t\t\t<div class=\"elementor-element elementor-element-48e3ddc elementor-position-inline-start elementor-mobile-position-inline-start elementor-view-default elementor-widget elementor-widget-icon-box\" data-id=\"48e3ddc\" data-element_type=\"widget\" data-e-type=\"widget\" data-widget_type=\"icon-box.default\">\n\t\t\t\t\t\t\t<div class=\"elementor-icon-box-wrapper\">\n\n\t\t\t\t\t\t<div class=\"elementor-icon-box-icon\">\n\t\t\t\t<span  class=\"elementor-icon\">\n\t\t\t\t<svg xmlns=\"http:\/\/www.w3.org\/2000\/svg\" width=\"1024\" height=\"1024\" viewBox=\"0 0 1024 1024\" class=\"lakit-font-icon-svg\" data-icon-name=\"location_pin\" data-icon-type=\"dlicon\"><path d=\"M512 992c9.6 0 16-3.2 22.4-9.6 16-16 361.6-368 361.6-598.4C896 144 700.8 0 512 0S128 144 128 384c0 227.2 345.6 582.4 361.6 598.4 6.4 6.4 12.8 9.6 22.4 9.6zm0-928c156.8 0 320 121.6 320 320 0 172.8-243.2 444.8-320 528-76.8-80-320-355.2-320-528 0-198.4 163.2-320 320-320zm128 320c0-70.4-57.6-128-128-128s-128 57.6-128 128 57.6 128 128 128 128-57.6 128-128zm-192 0c0-35.2 28.8-64 64-64s64 28.8 64 64-28.8 64-64 64-64-28.8-64-64z\" fill=\"currentColor\"\/><\/svg>\t\t\t\t<\/span>\n\t\t\t<\/div>\n\t\t\t\n\t\t\t\t\t\t<div class=\"elementor-icon-box-content\">\n\n\t\t\t\t\t\t\t\t\t<div class=\"elementor-icon-box-title\">\n\t\t\t\t\t\t<span  >\n\t\t\t\t\t\t\tEncu\u00e9ntranos\t\t\t\t\t\t<\/span>\n\t\t\t\t\t<\/div>\n\t\t\t\t\n\t\t\t\t\n\t\t\t<\/div>\n\t\t\t\n\t\t<\/div>\n\t\t\t\t\t\t<\/div>\n\t\t\t\t<div class=\"elementor-element elementor-element-ec9680c elementor-icon-list--layout-inline elementor-list-item-link-full_width elementor-widget elementor-widget-icon-list\" data-id=\"ec9680c\" data-element_type=\"widget\" data-e-type=\"widget\" data-widget_type=\"icon-list.default\">\n\t\t\t\t\t\t\t<ul class=\"elementor-icon-list-items elementor-inline-items\">\n\t\t\t\t\t\t\t<li class=\"elementor-icon-list-item elementor-inline-item\">\n\t\t\t\t\t\t\t\t\t\t<span class=\"elementor-icon-list-text\">Carrer Crist\u00f3bal Sanz, 23, 03201 Elche<\/span>\n\t\t\t\t\t\t\t\t\t<\/li>\n\t\t\t\t\t\t<\/ul>\n\t\t\t\t\t\t<\/div>\n\t\t\t\t<\/div>\n\t\t<div class=\"elementor-element elementor-element-c6f3d4b e-con-full e-flex lakit-col-width-auto-no e-container e-con e-child\" data-id=\"c6f3d4b\" data-element_type=\"container\" data-e-type=\"container\">\n\t\t\t\t<\/div>\n\t\t\t\t<\/div>\n\t\t\t\t<\/div>\n\t\t\t\t\t<\/div>\n\t\t\t\t<\/div>\n\t\t<div class=\"elementor-element elementor-element-b9ca0ab e-flex e-con-boxed lakit-col-width-auto-no e-container e-root-container elementor-top-section e-con e-parent\" data-id=\"b9ca0ab\" data-element_type=\"container\" data-e-type=\"container\">\n\t\t\t\t\t<div class=\"e-con-inner\">\n\t\t\t\t<div class=\"elementor-element elementor-element-b2a42b7 elementor-widget elementor-widget-google_maps\" data-id=\"b2a42b7\" data-element_type=\"widget\" data-e-type=\"widget\" data-widget_type=\"google_maps.default\">\n\t\t\t\t\t\t\t<div class=\"elementor-custom-embed\">\n\t\t\t<iframe loading=\"lazy\"\n\t\t\t\t\tsrc=\"https:\/\/maps.google.com\/maps?q=Carrer%20Crist%C3%B3bal%20Sanz%2C%2023%2C%2003201%20Elx%2C%20Alicante&#038;t=m&#038;z=15&#038;output=embed&#038;iwloc=near\"\n\t\t\t\t\ttitle=\"Carrer Crist\u00f3bal Sanz, 23, 03201 Elx, Alicante\"\n\t\t\t\t\taria-label=\"Carrer Crist\u00f3bal Sanz, 23, 03201 Elx, Alicante\"\n\t\t\t><\/iframe>\n\t\t<\/div>\n\t\t\t\t\t\t<\/div>\n\t\t\t\t\t<\/div>\n\t\t\t\t<\/div>\n\t\t\t\t<\/div>\n\t\t","protected":false},"excerpt":{"rendered":"<p>Contacto Contacto iNFORMACI\u00d3N DE CONTACTO HORARIO Lunes &#8211; Viernes de 9:45h &#8211; 14:00h \/ 17:00h &#8211; 20:45h S\u00e1bado 9:45h \u2013 14:00 Domingo cerrado TEL\u00c9FONO 966 674 773 +34 647 58 00 18 Encu\u00e9ntranos Carrer Crist\u00f3bal Sanz, 23, 03201 Elche<\/p>\n","protected":false},"author":1,"featured_media":0,"parent":0,"menu_order":0,"comment_status":"closed","ping_status":"closed","template":"","meta":{"footnotes":""},"class_list":["post-995","page","type-page","status-publish","hentry"],"_links":{"self":[{"href":"https:\/\/nostalgic-leavitt.178-33-112-56.plesk.page\/index.php?rest_route=\/wp\/v2\/pages\/995","targetHints":{"allow":["GET"]}}],"collection":[{"href":"https:\/\/nostalgic-leavitt.178-33-112-56.plesk.page\/index.php?rest_route=\/wp\/v2\/pages"}],"about":[{"href":"https:\/\/nostalgic-leavitt.178-33-112-56.plesk.page\/index.php?rest_route=\/wp\/v2\/types\/page"}],"author":[{"embeddable":true,"href":"https:\/\/nostalgic-leavitt.178-33-112-56.plesk.page\/index.php?rest_route=\/wp\/v2\/users\/1"}],"replies":[{"embeddable":true,"href":"https:\/\/nostalgic-leavitt.178-33-112-56.plesk.page\/index.php?rest_route=%2Fwp%2Fv2%2Fcomments&post=995"}],"version-history":[{"count":21,"href":"https:\/\/nostalgic-leavitt.178-33-112-56.plesk.page\/index.php?rest_route=\/wp\/v2\/pages\/995\/revisions"}],"predecessor-version":[{"id":2248,"href":"https:\/\/nostalgic-leavitt.178-33-112-56.plesk.page\/index.php?rest_route=\/wp\/v2\/pages\/995\/revisions\/2248"}],"wp:attachment":[{"href":"https:\/\/nostalgic-leavitt.178-33-112-56.plesk.page\/index.php?rest_route=%2Fwp%2Fv2%2Fmedia&parent=995"}],"curies":[{"name":"wp","href":"https:\/\/api.w.org\/{rel}","templated":true}]}}